{"id":252,"date":"2024-10-29T10:21:58","date_gmt":"2024-10-29T09:21:58","guid":{"rendered":"https:\/\/softlather.fr\/?page_id=252"},"modified":"2024-11-15T10:57:26","modified_gmt":"2024-11-15T09:57:26","slug":"web-services-sss-103","status":"publish","type":"page","link":"https:\/\/softlather.fr\/?page_id=252","title":{"rendered":"Prot\u00e9ger Vos Donn\u00e9es"},"content":{"rendered":"\t\t<div data-elementor-type=\"wp-page\" data-elementor-id=\"252\" class=\"elementor elementor-252\">\n\t\t\t\t<div class=\"elementor-element elementor-element-74b9d3c e-flex e-con-boxed e-con e-parent\" data-id=\"74b9d3c\" data-element_type=\"container\" data-settings=\"{&quot;_ha_eqh_enable&quot;:false}\">\n\t\t\t\t\t<div class=\"e-con-inner\">\n\t\t\t\t<div class=\"elementor-element elementor-element-13f1e73 elementor-widget__width-inherit elementor-widget elementor-widget-heading\" data-id=\"13f1e73\" data-element_type=\"widget\" data-widget_type=\"heading.default\">\n\t\t\t\t<div class=\"elementor-widget-container\">\n\t\t\t<style>\/*! elementor - v3.23.0 - 05-08-2024 *\/\n.elementor-heading-title{padding:0;margin:0;line-height:1}.elementor-widget-heading .elementor-heading-title[class*=elementor-size-]>a{color:inherit;font-size:inherit;line-height:inherit}.elementor-widget-heading .elementor-heading-title.elementor-size-small{font-size:15px}.elementor-widget-heading .elementor-heading-title.elementor-size-medium{font-size:19px}.elementor-widget-heading .elementor-heading-title.elementor-size-large{font-size:29px}.elementor-widget-heading .elementor-heading-title.elementor-size-xl{font-size:39px}.elementor-widget-heading .elementor-heading-title.elementor-size-xxl{font-size:59px}<\/style><h1 class=\"elementor-heading-title elementor-size-default\"><p align=\"center\" style=\"mso-margin-top-alt:auto;mso-margin-bottom-alt:\nauto;text-align:center;line-height:normal;mso-outline-level:3\"><b style=\"color: var( --e-global-color-kadence3 ); font-family: var( --e-global-typography-primary-font-family ), Sans-serif; background-color: transparent;\"><span style=\"font-size:14.0pt;font-family:&quot;Times New Roman&quot;,serif;\nmso-fareast-language:FR\">Cryptez vos fichiers en toute s\u00e9curit\u00e9 avec <\/span><\/b><b style=\"color: var( --e-global-color-kadence3 ); font-family: var( --e-global-typography-primary-font-family ), Sans-serif; background-color: transparent;\"><span style=\"font-size:14.0pt;font-family:&quot;Times New Roman&quot;,serif;\nmso-fareast-language:FR\">l'application CIGOS <\/span><\/b><b style=\"text-align: center; color: var( --e-global-color-kadence3 ); font-family: var( --e-global-typography-primary-font-family ), Sans-serif; font-size: 28px; white-space: pre-wrap; background-color: transparent;\"><span style=\"font-size:14.0pt;font-family:&quot;Times New Roman&quot;,serif;\nmso-fareast-language:FR\">de SOFTLATHER Web Service<\/span><\/b><\/p><p align=\"center\" style=\"mso-margin-top-alt:auto;mso-margin-bottom-alt:\nauto;text-align:center;line-height:normal;mso-outline-level:3\">\n\n<\/p>\n\n<\/h1>\t\t<\/div>\n\t\t\t\t<\/div>\n\t\t\t\t<div class=\"elementor-element elementor-element-c82aaa2 elementor-widget elementor-widget-text-editor\" data-id=\"c82aaa2\" data-element_type=\"widget\" data-widget_type=\"text-editor.default\">\n\t\t\t\t<div class=\"elementor-widget-container\">\n\t\t\t<style>\/*! elementor - v3.23.0 - 05-08-2024 *\/\n.elementor-widget-text-editor.elementor-drop-cap-view-stacked .elementor-drop-cap{background-color:#69727d;color:#fff}.elementor-widget-text-editor.elementor-drop-cap-view-framed .elementor-drop-cap{color:#69727d;border:3px solid;background-color:transparent}.elementor-widget-text-editor:not(.elementor-drop-cap-view-default) .elementor-drop-cap{margin-top:8px}.elementor-widget-text-editor:not(.elementor-drop-cap-view-default) .elementor-drop-cap-letter{width:1em;height:1em}.elementor-widget-text-editor .elementor-drop-cap{float:left;text-align:center;line-height:1;font-size:50px}.elementor-widget-text-editor .elementor-drop-cap-letter{display:inline-block}<\/style>\t\t\t\t<p style=\"mso-margin-top-alt: auto; mso-margin-bottom-alt: auto; text-align: justify; line-height: normal; mso-outline-level: 4;\"><span style=\"font-family: Arial, sans-serif; color: var( --e-global-color-text ); font-weight: var( --e-global-typography-text-font-weight ); background-color: transparent;\">Pour acc\u00e9der \u00e0 notre service\u00a0<\/span><b><span style=\"font-family: 'Arial',sans-serif; mso-fareast-font-family: 'Times New Roman'; mso-font-kerning: 0pt; mso-ligatures: none; mso-fareast-language: FR;\">\u00a0<a href=\"https:\/\/cigos.softlather.fr\/documents\">Click ici<\/a><\/span><\/b><\/p>\n<p><b><br \/><\/b><\/p>\n<p><!-- \/wp:file --><\/p>\t\t\t\t\t\t<\/div>\n\t\t\t\t<\/div>\n\t\t\t\t\t<\/div>\n\t\t\t\t<\/div>\n\t\t<div class=\"elementor-element elementor-element-93c960c e-flex e-con-boxed e-con e-parent\" data-id=\"93c960c\" data-element_type=\"container\" data-settings=\"{&quot;_ha_eqh_enable&quot;:false}\">\n\t\t\t\t\t<div class=\"e-con-inner\">\n\t\t\t\t<div class=\"elementor-element elementor-element-e744363 elementor-widget elementor-widget-text-editor\" data-id=\"e744363\" data-element_type=\"widget\" data-widget_type=\"text-editor.default\">\n\t\t\t\t<div class=\"elementor-widget-container\">\n\t\t\t\t\t\t\t<p>Assurer la s\u00e9curit\u00e9 des \u00e9changes de fichiers est devenu essentiel face aux risques associ\u00e9s aux transferts de donn\u00e9es sensibles et personnelles.<\/p><p><strong>Principaux enjeux de s\u00e9curit\u00e9 :<\/strong><\/p><ul><li><strong>Protection des informations sensibles<\/strong> : garantir la confidentialit\u00e9 des donn\u00e9es.<\/li><li><strong>Conformit\u00e9 r\u00e9glementaire<\/strong> : respecter les lois et normes en vigueur.<\/li><li><strong>Pr\u00e9vention des intrusions et du vol de donn\u00e9es<\/strong> : renforcer la s\u00e9curit\u00e9 contre les cybermenaces.<\/li><li><strong>Authentification et contr\u00f4le d\u2019acc\u00e8s<\/strong> : restreindre l\u2019acc\u00e8s aux utilisateurs autoris\u00e9s.<\/li><\/ul><p>Les \u00e9changes s\u00e9curis\u00e9s de fichiers sont indispensables pour prot\u00e9ger la confidentialit\u00e9, assurer la s\u00e9curit\u00e9 des informations, et r\u00e9pondre aux exigences l\u00e9gales et \u00e9thiques en mati\u00e8re de gestion des donn\u00e9es personnelles.<\/p><p><strong>Fonctionnalit\u00e9s principales de la solution CIGOS :<\/strong><\/p><ul><li><strong>Cryptage s\u00e9curis\u00e9<\/strong> : Cryptez vos fichiers (texte, PDF, images, etc.) en un seul clic.<\/li><li><strong>D\u00e9cryptage facile<\/strong> : Le destinataire peut d\u00e9chiffrer le fichier facilement via le m\u00eame service.<\/li><li><strong>T\u00e9l\u00e9chargement s\u00e9curis\u00e9<\/strong> : Conservez les fichiers crypt\u00e9s en local pour un stockage s\u00fbr.<\/li><li><strong>Partage simplifi\u00e9<\/strong> : Une fois crypt\u00e9, le fichier peut \u00eatre partag\u00e9 via divers canaux (e-mail, messagerie, etc.).<\/li><li><strong>S\u00e9curit\u00e9 int\u00e9gr\u00e9e<\/strong> : Les cl\u00e9s et les donn\u00e9es ne sont jamais stock\u00e9es sur nos serveurs pour garantir la confidentialit\u00e9.<\/li><\/ul><p><strong>\u00c0 qui s&#8217;adresse CIGOS ?<\/strong><\/p><ul><li><strong>Entreprises<\/strong> souhaitant prot\u00e9ger leurs documents confidentiels, internes ou destin\u00e9s \u00e0 des partenaires.<\/li><li><strong>Particuliers<\/strong> souhaitant s\u00e9curiser leurs documents priv\u00e9s, tels que des photos ou documents personnels.<\/li><li><strong>Institutions<\/strong> et autres organismes n\u00e9cessitant un partage s\u00e9curis\u00e9 de documents sensibles.<\/li><\/ul><p><strong>Proc\u00e9dure d\u2019utilisation :<\/strong><\/p><p><strong>Onglet Cryptage :<\/strong><\/p><ol><li>S\u00e9lectionnez le document depuis votre poste de travail.<\/li><li>Envoyez le document pour qu\u2019il soit crypt\u00e9.<\/li><li>T\u00e9l\u00e9chargez le document crypt\u00e9 dans la fen\u00eatre qui s&#8217;ouvre.<\/li><li>Votre document est maintenant pr\u00eat \u00e0 \u00eatre stock\u00e9 ou partag\u00e9 en toute s\u00e9curit\u00e9.<\/li><\/ol><p><strong>Onglet D\u00e9cryptage :<\/strong><\/p><ol><li>S\u00e9lectionnez le document crypt\u00e9 depuis votre poste de travail.<\/li><li>Envoyez le document pour qu\u2019il soit d\u00e9crypt\u00e9.<\/li><li>T\u00e9l\u00e9chargez le document d\u00e9crypt\u00e9 dans la fen\u00eatre qui s&#8217;ouvre.<\/li><li>Votre document est maintenant pr\u00eat \u00e0 \u00eatre utiliser en toute s\u00e9curit\u00e9.<\/li><\/ol>\t\t\t\t\t\t<\/div>\n\t\t\t\t<\/div>\n\t\t\t\t\t<\/div>\n\t\t\t\t<\/div>\n\t\t<div class=\"elementor-element elementor-element-3f18bec e-flex e-con-boxed e-con e-parent\" data-id=\"3f18bec\" data-element_type=\"container\" data-settings=\"{&quot;_ha_eqh_enable&quot;:false}\">\n\t\t\t\t\t<div class=\"e-con-inner\">\n\t\t\t\t<div class=\"elementor-element elementor-element-a41caaf elementor-widget elementor-widget-text-editor\" data-id=\"a41caaf\" data-element_type=\"widget\" data-widget_type=\"text-editor.default\">\n\t\t\t\t<div class=\"elementor-widget-container\">\n\t\t\t\t\t\t\t<p style=\"mso-margin-top-alt: auto; mso-margin-bottom-alt: auto; text-align: justify; line-height: normal; mso-outline-level: 4;\"><span style=\"font-family: Arial, sans-serif; color: var( --e-global-color-text ); font-weight: var( --e-global-typography-text-font-weight ); background-color: transparent;\">Pour acc\u00e9der \u00e0 notre service\u00a0<\/span><b><span style=\"font-family: 'Arial',sans-serif; mso-fareast-font-family: 'Times New Roman'; mso-font-kerning: 0pt; mso-ligatures: none; mso-fareast-language: FR;\">\u00a0<a href=\"https:\/\/cigos.softlather.fr\/documents\">Clique ici<\/a><\/span><\/b><\/p>\t\t\t\t\t\t<\/div>\n\t\t\t\t<\/div>\n\t\t\t\t\t<\/div>\n\t\t\t\t<\/div>\n\t\t\t\t<\/div>\n\t\t","protected":false},"excerpt":{"rendered":"<p>Cryptez vos fichiers en toute s\u00e9curit\u00e9 avec l&#8217;application CIGOS de SOFTLATHER Web Service Pour acc\u00e9der \u00e0 notre service\u00a0\u00a0Click ici Assurer la s\u00e9curit\u00e9 des \u00e9changes de fichiers est devenu essentiel face aux risques associ\u00e9s aux transferts de donn\u00e9es sensibles et personnelles. Principaux enjeux de s\u00e9curit\u00e9 : Protection des informations sensibles : garantir la confidentialit\u00e9 des donn\u00e9es&#8230;.<\/p>\n","protected":false},"author":1,"featured_media":0,"parent":0,"menu_order":0,"comment_status":"closed","ping_status":"closed","template":"","meta":{"_kadence_starter_templates_imported_post":false,"_kad_post_transparent":"","_kad_post_title":"hide","_kad_post_layout":"fullwidth","_kad_post_sidebar_id":"","_kad_post_content_style":"unboxed","_kad_post_vertical_padding":"hide","_kad_post_feature":"hide","_kad_post_feature_position":"","_kad_post_header":false,"_kad_post_footer":false,"footnotes":""},"class_list":["post-252","page","type-page","status-publish","hentry"],"_links":{"self":[{"href":"https:\/\/softlather.fr\/index.php?rest_route=\/wp\/v2\/pages\/252","targetHints":{"allow":["GET"]}}],"collection":[{"href":"https:\/\/softlather.fr\/index.php?rest_route=\/wp\/v2\/pages"}],"about":[{"href":"https:\/\/softlather.fr\/index.php?rest_route=\/wp\/v2\/types\/page"}],"author":[{"embeddable":true,"href":"https:\/\/softlather.fr\/index.php?rest_route=\/wp\/v2\/users\/1"}],"replies":[{"embeddable":true,"href":"https:\/\/softlather.fr\/index.php?rest_route=%2Fwp%2Fv2%2Fcomments&post=252"}],"version-history":[{"count":25,"href":"https:\/\/softlather.fr\/index.php?rest_route=\/wp\/v2\/pages\/252\/revisions"}],"predecessor-version":[{"id":295,"href":"https:\/\/softlather.fr\/index.php?rest_route=\/wp\/v2\/pages\/252\/revisions\/295"}],"wp:attachment":[{"href":"https:\/\/softlather.fr\/index.php?rest_route=%2Fwp%2Fv2%2Fmedia&parent=252"}],"curies":[{"name":"wp","href":"https:\/\/api.w.org\/{rel}","templated":true}]}}