{"id":90,"date":"2024-09-07T17:14:31","date_gmt":"2024-09-07T15:14:31","guid":{"rendered":"https:\/\/softlather.fr\/?page_id=90"},"modified":"2024-09-08T11:40:01","modified_gmt":"2024-09-08T09:40:01","slug":"elementor-90","status":"publish","type":"page","link":"https:\/\/softlather.fr\/?page_id=90","title":{"rendered":"Mission"},"content":{"rendered":"\t\t<div data-elementor-type=\"wp-page\" data-elementor-id=\"90\" class=\"elementor elementor-90\">\n\t\t\t\t<div class=\"elementor-element elementor-element-75f5b8b e-flex e-con-boxed e-con e-parent\" data-id=\"75f5b8b\" data-element_type=\"container\" data-settings=\"{&quot;_ha_eqh_enable&quot;:false}\">\n\t\t\t\t\t<div class=\"e-con-inner\">\n\t\t\t\t<div class=\"elementor-element elementor-element-a4051f8 elementor-widget elementor-widget-text-editor\" data-id=\"a4051f8\" data-element_type=\"widget\" data-widget_type=\"text-editor.default\">\n\t\t\t\t<div class=\"elementor-widget-container\">\n\t\t\t<style>\/*! elementor - v3.23.0 - 05-08-2024 *\/\n.elementor-widget-text-editor.elementor-drop-cap-view-stacked .elementor-drop-cap{background-color:#69727d;color:#fff}.elementor-widget-text-editor.elementor-drop-cap-view-framed .elementor-drop-cap{color:#69727d;border:3px solid;background-color:transparent}.elementor-widget-text-editor:not(.elementor-drop-cap-view-default) .elementor-drop-cap{margin-top:8px}.elementor-widget-text-editor:not(.elementor-drop-cap-view-default) .elementor-drop-cap-letter{width:1em;height:1em}.elementor-widget-text-editor .elementor-drop-cap{float:left;text-align:center;line-height:1;font-size:50px}.elementor-widget-text-editor .elementor-drop-cap-letter{display:inline-block}<\/style>\t\t\t\t<h3 style=\"line-height: normal; padding-left: 40px;\"><b><span style=\"font-family: 'Times New Roman',serif; mso-fareast-font-family: 'Times New Roman'; mso-font-kerning: 0pt; mso-ligatures: none; mso-fareast-language: FR;\"><u><i>Nos Prestations<\/i><\/u><\/span><\/b><\/h3>\n<ul type=\"disc\">\n<li style=\"mso-margin-top-alt: auto; mso-margin-bottom-alt: auto; line-height: normal; mso-list: l0 level1 lfo1; tab-stops: list 36.0pt;\"><b><span style=\"font-family: 'Times New Roman',serif; mso-fareast-font-family: 'Times New Roman'; mso-font-kerning: 0pt; mso-ligatures: none; mso-fareast-language: FR;\">D\u00e9veloppement&nbsp;d&#8217;Applications&nbsp;<\/span><\/b><\/li>\n<\/ul>\n<pre style=\"mso-margin-top-alt: auto; mso-margin-bottom-alt: auto; margin-left: 36.0pt; text-align: justify; line-height: normal;\"><span style=\"font-size: 12.0pt; line-height: 115%; font-family: 'Times New Roman',serif; mso-fareast-font-family: 'Times New Roman'; mso-font-kerning: 0pt; mso-ligatures: none; mso-ansi-language: FR; mso-fareast-language: FR; mso-bidi-language: AR-SA;\">Nous concevons et d\u00e9veloppons des applications web dynamiques et r\u00e9actives, adapt\u00e9es aux besoins de votre entreprise. D<\/span><span style=\"font-family: 'Times New Roman', serif; font-size: 12pt; color: var( --e-global-color-text ); font-weight: var( --e-global-typography-text-font-weight ); text-align: var(--text-align); background-color: transparent;\">e la conception \u00e0 la mise en production, nous vous accompagnons \u00e0 chaque \u00e9tape pour garantir un produit final de haute qualit\u00e9<\/span><\/pre>\n<ul type=\"disc\">\n<li style=\"mso-margin-top-alt: auto; mso-margin-bottom-alt: auto; line-height: normal; mso-list: l0 level1 lfo1; tab-stops: list 36.0pt;\"><b><span style=\"font-family: 'Times New Roman',serif; mso-fareast-font-family: 'Times New Roman'; mso-font-kerning: 0pt; mso-ligatures: none; mso-fareast-language: FR;\">Services&nbsp;Web et API<\/span><\/b><\/li>\n<\/ul>\n<pre style=\"mso-margin-top-alt: auto; mso-margin-bottom-alt: auto; margin-left: 36.0pt; text-align: justify; line-height: normal;\"><span style=\"font-family: 'Times New Roman',serif; mso-fareast-font-family: 'Times New Roman'; mso-font-kerning: 0pt; mso-ligatures: none; mso-fareast-language: FR;\">Nous cr\u00e9ons&nbsp;des web services robustes et \u00e9volutifs, capables de g\u00e9rer des volumes de donn\u00e9es importants et de s'int\u00e9grer harmonieusement&nbsp;&nbsp;<br><\/span><span style=\"font-family: 'Times New Roman',serif; mso-fareast-font-family: 'Times New Roman'; mso-font-kerning: 0pt; mso-ligatures: none; mso-fareast-language: FR;\">avec vos syst\u00e8mes&nbsp;existants. Nos solutions sont con\u00e7ues pour \u00eatre performantes, s\u00e9curis\u00e9es et faciles \u00e0 maintenir.<\/span><\/pre>\n<ul type=\"disc\">\n<li style=\"mso-margin-top-alt: auto; mso-margin-bottom-alt: auto; line-height: normal; mso-list: l0 level1 lfo1; tab-stops: list 36.0pt;\"><b><span style=\"font-family: 'Times New Roman',serif; mso-fareast-font-family: 'Times New Roman'; mso-font-kerning: 0pt; mso-ligatures: none; mso-fareast-language: FR;\">Cryptage&nbsp;et S\u00e9curit\u00e9 des Donn\u00e9es<\/span><\/b><\/li>\n<\/ul>\n<pre style=\"mso-margin-top-alt: auto; mso-margin-bottom-alt: auto; margin-left: 36.0pt; text-align: justify; line-height: normal;\"><span style=\"font-family: 'Times New Roman',serif; mso-fareast-font-family: 'Times New Roman'; mso-font-kerning: 0pt; mso-ligatures: none; mso-fareast-language: FR;\">La s\u00e9curit\u00e9 de vos donn\u00e9es est notre priorit\u00e9. Nous proposons des solutions de cryptage de pointe pour prot\u00e9ger vos informations sensibles, en veillant \u00e0 ce qu'elles&nbsp;soient s\u00e9curis\u00e9es contre les menaces actuelles.<\/span><\/pre>\t\t\t\t\t\t<\/div>\n\t\t\t\t<\/div>\n\t\t\t\t\t<\/div>\n\t\t\t\t<\/div>\n\t\t<div class=\"elementor-element elementor-element-ecdea78 e-flex e-con-boxed e-con e-parent\" data-id=\"ecdea78\" data-element_type=\"container\" data-settings=\"{&quot;_ha_eqh_enable&quot;:false}\">\n\t\t\t\t\t<div class=\"e-con-inner\">\n\t\t\t\t<div class=\"elementor-element elementor-element-f2fe990 elementor-widget elementor-widget-heading\" data-id=\"f2fe990\" data-element_type=\"widget\" data-widget_type=\"heading.default\">\n\t\t\t\t<div class=\"elementor-widget-container\">\n\t\t\t<style>\/*! elementor - v3.23.0 - 05-08-2024 *\/\n.elementor-heading-title{padding:0;margin:0;line-height:1}.elementor-widget-heading .elementor-heading-title[class*=elementor-size-]>a{color:inherit;font-size:inherit;line-height:inherit}.elementor-widget-heading .elementor-heading-title.elementor-size-small{font-size:15px}.elementor-widget-heading .elementor-heading-title.elementor-size-medium{font-size:19px}.elementor-widget-heading .elementor-heading-title.elementor-size-large{font-size:29px}.elementor-widget-heading .elementor-heading-title.elementor-size-xl{font-size:39px}.elementor-widget-heading .elementor-heading-title.elementor-size-xxl{font-size:59px}<\/style><h2 class=\"elementor-heading-title elementor-size-default\"><p style=\"mso-margin-top-alt:auto;mso-margin-bottom-alt:auto;\nline-height:normal;mso-outline-level:4\"><b><span style=\"font-family:&quot;Times New Roman&quot;,serif;\nmso-fareast-font-family:&quot;Times New Roman&quot;;mso-font-kerning:0pt;mso-ligatures:\nnone;mso-fareast-language:FR\">Pourquoi Choisir SOFTLATHER ?<o:p><\/o:p><\/span><\/b><\/p><\/h2>\t\t<\/div>\n\t\t\t\t<\/div>\n\t\t\t\t\t<\/div>\n\t\t\t\t<\/div>\n\t\t<div class=\"elementor-element elementor-element-864c723 e-flex e-con-boxed e-con e-parent\" data-id=\"864c723\" data-element_type=\"container\" data-settings=\"{&quot;_ha_eqh_enable&quot;:false}\">\n\t\t\t\t\t<div class=\"e-con-inner\">\n\t\t\t\t<div class=\"elementor-element elementor-element-0f511a3 elementor-widget elementor-widget-text-editor\" data-id=\"0f511a3\" data-element_type=\"widget\" data-widget_type=\"text-editor.default\">\n\t\t\t\t<div class=\"elementor-widget-container\">\n\t\t\t\t\t\t\t<pre><span style=\"font-size: 12.0pt; line-height: 115%; font-family: 'Times New Roman',serif; mso-fareast-font-family: 'Times New Roman'; mso-font-kerning: 0pt; mso-ligatures: none; mso-ansi-language: FR; mso-fareast-language: FR; mso-bidi-language: AR-SA;\">Avec une expertise reconnue dans le domaine des technologies de l'information, SOFTLATHER est votre partenaire de confiance&nbsp;pour mener \u00e0 bien vos projets informatiques. Nous allions cr\u00e9ativit\u00e9, rigueur&nbsp;technique et s\u00e9curit\u00e9 pour vous offrir des solutions qui r\u00e9pondent \u00e0 vos&nbsp;attentes et aux standards les plus \u00e9lev\u00e9s<\/span><\/pre>\t\t\t\t\t\t<\/div>\n\t\t\t\t<\/div>\n\t\t\t\t\t<\/div>\n\t\t\t\t<\/div>\n\t\t\t\t<\/div>\n\t\t","protected":false},"excerpt":{"rendered":"<p>Nos Prestations D\u00e9veloppement&nbsp;d&#8217;Applications&nbsp; Nous concevons et d\u00e9veloppons des applications web dynamiques et r\u00e9actives, adapt\u00e9es aux besoins de votre entreprise. De la conception \u00e0 la mise en production, nous vous accompagnons \u00e0 chaque \u00e9tape pour garantir un produit final de haute qualit\u00e9 Services&nbsp;Web et API Nous cr\u00e9ons&nbsp;des web services robustes et \u00e9volutifs, capables de g\u00e9rer des&#8230;<\/p>\n","protected":false},"author":1,"featured_media":0,"parent":0,"menu_order":1,"comment_status":"closed","ping_status":"closed","template":"","meta":{"_kadence_starter_templates_imported_post":false,"_kad_post_transparent":"","_kad_post_title":"hide","_kad_post_layout":"fullwidth","_kad_post_sidebar_id":"","_kad_post_content_style":"unboxed","_kad_post_vertical_padding":"hide","_kad_post_feature":"hide","_kad_post_feature_position":"","_kad_post_header":false,"_kad_post_footer":false,"footnotes":""},"class_list":["post-90","page","type-page","status-publish","hentry"],"_links":{"self":[{"href":"https:\/\/softlather.fr\/index.php?rest_route=\/wp\/v2\/pages\/90","targetHints":{"allow":["GET"]}}],"collection":[{"href":"https:\/\/softlather.fr\/index.php?rest_route=\/wp\/v2\/pages"}],"about":[{"href":"https:\/\/softlather.fr\/index.php?rest_route=\/wp\/v2\/types\/page"}],"author":[{"embeddable":true,"href":"https:\/\/softlather.fr\/index.php?rest_route=\/wp\/v2\/users\/1"}],"replies":[{"embeddable":true,"href":"https:\/\/softlather.fr\/index.php?rest_route=%2Fwp%2Fv2%2Fcomments&post=90"}],"version-history":[{"count":23,"href":"https:\/\/softlather.fr\/index.php?rest_route=\/wp\/v2\/pages\/90\/revisions"}],"predecessor-version":[{"id":142,"href":"https:\/\/softlather.fr\/index.php?rest_route=\/wp\/v2\/pages\/90\/revisions\/142"}],"wp:attachment":[{"href":"https:\/\/softlather.fr\/index.php?rest_route=%2Fwp%2Fv2%2Fmedia&parent=90"}],"curies":[{"name":"wp","href":"https:\/\/api.w.org\/{rel}","templated":true}]}}